{"id":2,"date":"2012-05-24T14:11:25","date_gmt":"2012-05-24T14:11:25","guid":{"rendered":"http:\/\/sindik.at\/?page_id=2"},"modified":"2024-04-15T16:17:55","modified_gmt":"2024-04-15T15:17:55","slug":"about","status":"publish","type":"page","link":"https:\/\/sindik.at\/?page_id=2","title":{"rendered":"O n\u00e1s"},"content":{"rendered":"<p style=\"text-align: center;\"><em>Na\u0161e motto:<br \/>Pom\u00f4\u017eme legend\u00e1m zosta\u0165 na\u017eive!<\/em><\/p>\n<p><img loading=\"lazy\" decoding=\"async\" src=\"https:\/\/sindik.at\/wp-content\/uploads\/2018\/11\/sdk_logo_inverse_6_small.png\" alt=\"Sindikat Logo\" width=\"584\" height=\"185\" align=\"center\" border=\"0\" \/><\/p>\n<p><strong>Kto sme?<\/strong><br \/>SinDiKat je vo\u013en\u00e9 a otvoren\u00e9 (a od 21.12.2018 Ministerstvom vn\u00fatra zaregistrovan\u00e9 ob\u010dianske) zdru\u017eenie nad\u0161encov a pr\u00edvr\u017eencov star\u00fdch osembitov\u00fdch dom\u00e1cich po\u010d\u00edta\u010dov prim\u00e1rne zameran\u00e9 na platformu Sinclair a jej tuzemsk\u00e9 a RVHP deriv\u00e1ty &#8211; Didaktik, Delta, Pentagon, Scorpion. V mladosti sme v kluboch ml\u00e1de\u017ee tie\u017e za\u017eili \u010deskoslovensk\u00fa v\u00fdpo\u010dtov\u00fa techniku naj\u010dastej\u0161ie v podobe Tesla PMD 85 a ZVT PP 01 nesk\u00f4r 06. Popri t\u00fdchto \u201csrdcovk\u00e1ch\u201d sme sa v okruhu kamar\u00e1tov a zn\u00e1mych zozn\u00e1mili s Atari a Commodore. Dnes sa d\u00e1 poveda\u0165, \u017ee sa dok\u00e1\u017eeme zorientova\u0165 vo v\u0161etk\u00fdch u n\u00e1s dobovo dostupn\u00fdch platform\u00e1ch dom\u00e1cich po\u010d\u00edta\u010dov.<\/p>\n<p><b>Ako fungujeme?<br \/><\/b><span style=\"font-weight: 400;\">Stret\u00e1vame sa naj\u010dastej\u0161ie na mesa\u010dnej b\u00e1ze v dom\u00e1cej dielni jedn\u00e9ho zo zakladaj\u00facich \u010dlenov. Stretnutie je v\u017edy ozn\u00e1men\u00e9 vopred na <a href=\"https:\/\/sindik.at\">na\u0161ej internetovej str\u00e1nke<\/a><\/span><span style=\"font-weight: 400;\">. Popri stretnutiach \u010dasto spolu absolvujeme n\u00e1v\u0161tevy in\u00fdch akci\u00ed zameran\u00fdch na osembity alebo demo tvorbu (<a href=\"http:\/\/forever.zeroteam.sk\">Forever<\/a>, <a href=\"http:\/\/demobit.party\">Demobit<\/a>, <a href=\"http:\/\/bytefest.org\">ByteFest<\/a>, <a href=\"https:\/\/ci5.speccy.cz\/news\/jhcon-2018\">JHCon<\/a> at\u010f.). Pokia\u013e sa na t\u00fdchto podujatiach aj nie\u010do bastl\u00ed \u010dasto ich naz\u00fdvame v\u00fdjazdov\u00fdm SinDiKatom.<\/span><\/p>\n<p><b>\u010c\u00edm sa zaober\u00e1me?<br \/><\/b><span style=\"font-weight: 400;\">Hlavnou n\u00e1pl\u0148ou na\u0161ich stretnut\u00ed s\u00fa na jednej strane opravy a \u00fapravy star\u00fdch po\u010d\u00edta\u010dov ale aj stavba r\u00f4znych perif\u00e9ri\u00ed a doplnkov \u010di novodob\u00fdch klonov, z ktor\u00fdmi sa za posledn\u00e9 obdobie roztrhlo vrece. Najviac \u010dasu n\u00e1m zrejme zaber\u00e1 hardv\u00e9rov\u00e9 bastlenie, ale n\u00e1jdeme si \u010das aj na osvetu, vzdel\u00e1vanie, mno\u017estvo rozhovorov, brainstormingu a srandy. Sporadicky niektor\u00ed \u010dlenovia organizuj\u00fa po\u010das stretnut\u00ed predn\u00e1\u0161ky na s\u00favisiace t\u00e9my.<\/span><\/p>\n<p><b>\u010co vieme pon\u00faknu\u0165?<br \/><\/b><span style=\"font-weight: 400;\">V stru\u010dnosti to vieme zhrn\u00fa\u0165 do 3 hlavn\u00fdch oblast\u00ed: radu, pomoc, spolupr\u00e1cu.<\/span><\/p>\n<p><span style=\"font-weight: 400;\">Ak m\u00e1te nejak\u00fd star\u00fd &#8211; ide\u00e1lne dom\u00e1ci osembitov\u00fd &#8211; po\u010d\u00edta\u010d, o ktor\u00e9ho stave ve\u013ea neviete a potrebujete s n\u00edm poradi\u0165 &#8211; ako ho vy\u010disti\u0165, o\u017eivi\u0165 a zapoji\u0165 tak, aby pri prvom zapnut\u00ed nevybuchol, kontaktujte n\u00e1s na ni\u017e\u0161ie uveden\u00fdch adres\u00e1ch. Star\u00e1 technika sa \u010dastokr\u00e1t n\u00e1jde nekompletn\u00e1 v z\u00fabo\u017eenom stave a bez pr\u00edslu\u0161enstva, tak\u017ee jej o\u017eivenie nemus\u00ed by\u0165 v\u017edy priamo\u010diare. <\/span><\/p>\n<p><span style=\"font-weight: 400;\">V pr\u00edpade, \u017ee si neviete u\u017e pom\u00f4c\u0165 sami, nap\u00ed\u0161te, zavolajte a dohodnite si stretnutie, pr\u00edpadne sa zastavte v term\u00edne zverejnenom na na\u0161ej str\u00e1nke. Pok\u00fasime sa v\u00e1m pom\u00f4c\u0165 opravi\u0165 a o\u017eivi\u0165 va\u0161u historick\u00fa techniku.<\/span><\/p>\n<p><span style=\"font-weight: 400;\">Ak v\u00e1s pochyt\u00ed neodbytn\u00e1 my\u0161lienka \u010di skvel\u00fd n\u00e1pad na roz\u0161\u00edrenie mo\u017enost\u00ed, dnes u\u017e vlastne nepotrebn\u00fdch po\u010d\u00edta\u010dov, sem s n\u00edm. Radi si ho vypo\u010dujeme a pust\u00edme sa do jeho realiz\u00e1cie. M\u00e1me za sebou u\u017e nieko\u013eko projektov zrealizovan\u00fdch v r\u00e1mci klubu ako napr\u00edklad roz\u0161\u00edrenie farebn\u00e9ho zobrazovania PMD 85 &#8211; <a href=\"https:\/\/sindik.at\/?p=889750\">projekt ColorAce<\/a> alebo roz\u0161\u00edrenie PP 01 o ROM modul s dynamick\u00fdm obsahom nahr\u00e1van\u00fdm z pam\u00e4\u0165ovej karty SD &#8211;<a href=\"https:\/\/sindik.at\/?p=930355\"> projekt PP 01 SD ROM Modul<\/a>.<\/span><\/p>\n<p><b>M\u00f4\u017eem sa k v\u00e1m prida\u0165 alebo v\u00e1s podpori\u0165?<br \/><\/b><span style=\"font-weight: 400;\">Ako bolo spomenut\u00e9 v prvom odstavci, na\u0161e zdru\u017eenie je dobrovo\u013en\u00e9, otvoren\u00e9 a radi pr\u00edjmeme nov\u00fdch \u010dlenov. \u010ci trval\u00fdch alebo ob\u010dasn\u00fdch. Kapacita priestorov je s\u00edce obmedzen\u00e1, ale zatia\u013e sme nemali probl\u00e9m sa zmesti\u0165. K\u013eudne sa zastavte pozrie\u0165 kde a ako to cel\u00e9 prebieha. <\/span><\/p>\n<p><span style=\"font-weight: 400;\">Ak n\u00e1hodou m\u00e1te nejak\u00fd nepotrebn\u00fd star\u00fd osembitov\u00fd po\u010d\u00edta\u010d alebo perif\u00e9rie k nemu, nemus\u00edte ho vyhadzova\u0165 do zbern\u00e9ho dvora. My sa o\u0148ho radi postar\u00e1me, sk\u00fasime ho o\u017eivi\u0165, opravi\u0165 a sfunk\u010dni\u0165. V pr\u00edpade, \u017ee ho nem\u00e1te ako dopravi\u0165, sta\u010d\u00ed n\u00e1m zavola\u0165, alebo posla\u0165 mail. My sa o dopravu postar\u00e1me.<\/span><\/p>\n<p>Budeme v\u00e1m nesmierne v\u010fa\u010dn\u00ed, ak sa rozhodnete pouk\u00e1za\u0165 2 \u010di 3 percent\u00e1 va\u0161ich dan\u00ed pr\u00e1ve n\u00e1\u0161mu ob\u010dianskemu zdru\u017eeniu. Na tento \u00fa\u010del pros\u00edm pou\u017eite \u00fadaje uveden\u00e9 na konci tejto str\u00e1nky na vyplnenie<a href=\"https:\/\/pfseform.financnasprava.sk\/Formulare\/eFormVzor\/DP\/form.527.html\" target=\"_blank\" rel=\"noopener\"> zodpovedaj\u00faceho online formul\u00e1ra<\/a> alebo si stiahnite <a href=\"\/data\/oz\/Vyhlasenie2023.pdf\" target=\"_blank\" rel=\"noopener\">editovate\u013en\u00fa offline PDF verziu<\/a>.<\/p>\n<p><strong>Ak\u00e1 je v\u00edzia rozvoja klubu?<br \/><\/strong>V z\u00e1vislosti najm\u00e4 na \u010dasov\u00fdch a finan\u010dn\u00fdch mo\u017enostiach m\u00e1me v pl\u00e1ne zrealizova\u0165 \u010di zabezpe\u010di\u0165:<\/p>\n<ul>\n<li>Ve\u013ekorysej\u0161ie priestory, ktor\u00e9 by umo\u017enili pravideln\u00fa prev\u00e1dzku a otv\u00e1racie hodiny<\/li>\n<li>Ich vn\u00fatorn\u00e9 usporiadanie na sp\u00f4sob interakt\u00edvneho m\u00fazea, kde by si n\u00e1v\u0161tevn\u00edci mohli expon\u00e1ty nielen pozrie\u0165 vo vitr\u00ednkach, ale aj re\u00e1lne vysk\u00fa\u0161a\u0165 ako sa na nich pracuje resp. v minulosti pracovalo<\/li>\n<li>Organiz\u00e1ciu \u010fal\u0161\u00edch pravideln\u00fdch akci\u00ed pre \u010dlenov aj \u0161irok\u00fa verejnos\u0165<\/li>\n<li>Vybavi\u0165 stabiln\u00fa diel\u0148u na zachovanie expon\u00e1tov v dobrom technickom stave a pon\u00faknu\u0165 slu\u017ebu opr\u00e1v retro techniky ako doplnkov\u00fa aktivitu<\/li>\n<li>Zriadi\u0165 minibaz\u00e1r, kde bude mo\u017enos\u0165 zak\u00fapi\u0165 si dobov\u00e9 \u010di modern\u00e9 doplnky k retro po\u010d\u00edta\u010dom alebo ich aktu\u00e1lnym n\u00e1hrad\u00e1m<\/li>\n<\/ul>\n<p><b>Ako n\u00e1s kontaktova\u0165?<br \/><\/b><span style=\"font-weight: 400;\">Vyberte si pros\u00edm jednu z nasledovn\u00fdch mo\u017enost\u00ed:<\/span><\/p>\n<ul>\n<li>emailom na\u00a0<img loading=\"lazy\" decoding=\"async\" class=\"\" src=\"https:\/\/sindik.at\/wp-content\/uploads\/2018\/11\/ikon_mail.png\" alt=\"\" width=\"217\" height=\"27\" border=\"0\" \/><\/li>\n<li>telef\u00f3nom na <img loading=\"lazy\" decoding=\"async\" class=\"\" src=\"https:\/\/sindik.at\/wp-content\/uploads\/2018\/11\/ikon_phone.png\" alt=\"\" width=\"191\" height=\"20\" border=\"0\" \/><\/li>\n<li>alebo po dohovore osobne<\/li>\n<\/ul>\n<p>A nezabudnite sledova\u0165 aj <a href=\"https:\/\/sindik.at\/\">n\u00e1\u0161 blog<\/a>.<\/p>\n<p>Pre \u00faplnos\u0165 uv\u00e1dzame aj z\u00e1konom 346\/2018 Zz. po\u017eadovan\u00e9 \u00fadaje:<\/p>\n<ul>\n<li>Ob\u010dianske zdru\u017eenie <strong>Sindikat<\/strong><\/li>\n<li>Adresa s\u00eddla: <strong>\u0160teberlova 5835\/25, 902 01Pezinok<\/strong><\/li>\n<li>I\u010cO: <strong>52121127<\/strong><\/li>\n<li>Bankov\u00e9 spojenie: <strong>SK20 7500 0000 0040 2754 3185<\/strong> \/ k\u00f3d banky: 7500 (\u010ceskoslovensk\u00e1 obchodn\u00e1 banka, a.s.)<\/li>\n<\/ul>\n<h2>\u00a0<\/h2>\n<h2 style=\"text-align: center;\"><em><span style=\"font-weight: 400;\">Historick\u00fdm dom\u00e1cim po\u010d\u00edta\u010dom z osemdesiatych rokov\u00a0<\/span><span style=\"font-weight: 400;\">minul\u00e9ho storo\u010dia zdar!<\/span><\/em><\/h2>\n\n\n<p><\/p>\n","protected":false},"excerpt":{"rendered":"<p>Na\u0161e motto:Pom\u00f4\u017eme legend\u00e1m zosta\u0165 na\u017eive! Kto sme?SinDiKat je vo\u013en\u00e9 a otvoren\u00e9 (a od 21.12.2018 Ministerstvom vn\u00fatra zaregistrovan\u00e9 ob\u010dianske) zdru\u017eenie nad\u0161encov a pr\u00edvr\u017eencov star\u00fdch osembitov\u00fdch dom\u00e1cich po\u010d\u00edta\u010dov prim\u00e1rne zameran\u00e9 na platformu Sinclair a jej tuzemsk\u00e9 a RVHP deriv\u00e1ty &#8211; Didaktik, Delta, &hellip; <a href=\"https:\/\/sindik.at\/?page_id=2\">Pokra\u010dova\u0165 v \u010d\u00edtan\u00ed <span class=\"meta-nav\">&rarr;<\/span><\/a><\/p>\n","protected":false},"author":1,"featured_media":0,"parent":0,"menu_order":0,"comment_status":"open","ping_status":"open","template":"","meta":{"jetpack_post_was_ever_published":false,"footnotes":""},"class_list":["post-2","page","type-page","status-publish","hentry"],"jetpack_sharing_enabled":true,"jetpack_shortlink":"https:\/\/wp.me\/P5aqy8-2","jetpack_likes_enabled":true,"jetpack-related-posts":[],"_links":{"self":[{"href":"https:\/\/sindik.at\/index.php?rest_route=\/wp\/v2\/pages\/2","targetHints":{"allow":["GET"]}}],"collection":[{"href":"https:\/\/sindik.at\/index.php?rest_route=\/wp\/v2\/pages"}],"about":[{"href":"https:\/\/sindik.at\/index.php?rest_route=\/wp\/v2\/types\/page"}],"author":[{"embeddable":true,"href":"https:\/\/sindik.at\/index.php?rest_route=\/wp\/v2\/users\/1"}],"replies":[{"embeddable":true,"href":"https:\/\/sindik.at\/index.php?rest_route=%2Fwp%2Fv2%2Fcomments&post=2"}],"version-history":[{"count":24,"href":"https:\/\/sindik.at\/index.php?rest_route=\/wp\/v2\/pages\/2\/revisions"}],"predecessor-version":[{"id":931370,"href":"https:\/\/sindik.at\/index.php?rest_route=\/wp\/v2\/pages\/2\/revisions\/931370"}],"wp:attachment":[{"href":"https:\/\/sindik.at\/index.php?rest_route=%2Fwp%2Fv2%2Fmedia&parent=2"}],"curies":[{"name":"wp","href":"https:\/\/api.w.org\/{rel}","templated":true}]}}